{"id":197,"date":"2022-10-17T15:54:55","date_gmt":"2022-10-17T15:54:55","guid":{"rendered":"https:\/\/mwestchinesecenter.ca\/?page_id=197"},"modified":"2022-10-18T18:33:49","modified_gmt":"2022-10-18T18:33:49","slug":"about-us","status":"publish","type":"page","link":"https:\/\/mwestchinesecenter.ca\/fr\/about-us","title":{"rendered":"\u00c0 propos de nous"},"content":{"rendered":"<div data-elementor-type=\"wp-page\" data-elementor-id=\"197\" class=\"elementor elementor-197\" data-elementor-post-type=\"page\">\n\t\t\t\t\t\t<section class=\"elementor-section elementor-top-section elementor-element elementor-element-3373c36 elementor-section-boxed elementor-section-height-default elementor-section-height-default\" data-id=\"3373c36\" data-element_type=\"section\" data-e-type=\"section\">\n\t\t\t\t\t\t<div class=\"elementor-container elementor-column-gap-default\">\n\t\t\t\t\t<div class=\"elementor-column elementor-col-100 elementor-top-column elementor-element elementor-element-9ca4746\" data-id=\"9ca4746\" data-element_type=\"column\" data-e-type=\"column\">\n\t\t\t<div class=\"elementor-widget-wrap elementor-element-populated\">\n\t\t\t\t\t\t<div class=\"elementor-element elementor-element-999e3d3 elementor-widget elementor-widget-heading\" data-id=\"999e3d3\" data-element_type=\"widget\" data-e-type=\"widget\" data-widget_type=\"heading.default\">\n\t\t\t\t<div class=\"elementor-widget-container\">\n\t\t\t\t\t<h2 class=\"elementor-heading-title elementor-size-default\">Introduction<\/h2>\t\t\t\t<\/div>\n\t\t\t\t<\/div>\n\t\t\t\t<div class=\"elementor-element elementor-element-9b22c83 elementor-widget elementor-widget-text-editor\" data-id=\"9b22c83\" data-element_type=\"widget\" data-e-type=\"widget\" data-widget_type=\"text-editor.default\">\n\t\t\t\t<div class=\"elementor-widget-container\">\n\t\t\t\t\t\t\t\t\t<p>Le Centre communautaire chinois de l'Ouest de l'\u00eele de Montr\u00e9al (\u00e9galement connu sous le nom de Centre culturel et sportif chinois de l'Ouest de l'\u00eele) a \u00e9t\u00e9 cr\u00e9\u00e9 en septembre 2006. C'est une organisation \u00e0 but non lucratif. Depuis ao\u00fbt 2018, le Centre compte sept d\u00e9partements, tels que: Club des a\u00een\u00e9s, Centre sportif, Sant\u00e9 des femmes, Consultation, Arts, \u00c9ducation et Mise en forme, etc. Il compte plus de 1000 membres.<\/p>\t\t\t\t\t\t\t\t<\/div>\n\t\t\t\t<\/div>\n\t\t\t\t<div class=\"elementor-element elementor-element-1cd6dfb elementor-widget elementor-widget-image\" data-id=\"1cd6dfb\" data-element_type=\"widget\" data-e-type=\"widget\" data-widget_type=\"image.default\">\n\t\t\t\t<div class=\"elementor-widget-container\">\n\t\t\t\t\t\t\t\t\t\t\t\t\t\t\t<img fetchpriority=\"high\" decoding=\"async\" width=\"720\" height=\"227\" src=\"https:\/\/mwestchinesecenter.ca\/wp-content\/uploads\/2022\/10\/640-1.jpg\" class=\"attachment-full size-full wp-image-23\" alt=\"\" srcset=\"https:\/\/mwestchinesecenter.ca\/wp-content\/uploads\/2022\/10\/640-1.jpg 720w, https:\/\/mwestchinesecenter.ca\/wp-content\/uploads\/2022\/10\/640-1-300x95.jpg 300w\" sizes=\"(max-width: 720px) 100vw, 720px\" \/>\t\t\t\t\t\t\t\t\t\t\t\t\t\t\t<\/div>\n\t\t\t\t<\/div>\n\t\t\t\t\t<\/div>\n\t\t<\/div>\n\t\t\t\t\t<\/div>\n\t\t<\/section>\n\t\t\t\t<section class=\"elementor-section elementor-top-section elementor-element elementor-element-311b4cb elementor-section-boxed elementor-section-height-default elementor-section-height-default\" data-id=\"311b4cb\" data-element_type=\"section\" data-e-type=\"section\">\n\t\t\t\t\t\t<div class=\"elementor-container elementor-column-gap-default\">\n\t\t\t\t\t<div class=\"elementor-column elementor-col-100 elementor-top-column elementor-element elementor-element-ee71cec\" data-id=\"ee71cec\" data-element_type=\"column\" data-e-type=\"column\">\n\t\t\t<div class=\"elementor-widget-wrap elementor-element-populated\">\n\t\t\t\t\t\t<div class=\"elementor-element elementor-element-7abd1d4 elementor-widget elementor-widget-heading\" data-id=\"7abd1d4\" data-element_type=\"widget\" data-e-type=\"widget\" data-widget_type=\"heading.default\">\n\t\t\t\t<div class=\"elementor-widget-container\">\n\t\t\t\t\t<h2 class=\"elementor-heading-title elementor-size-default\">Vision<\/h2>\t\t\t\t<\/div>\n\t\t\t\t<\/div>\n\t\t\t\t<div class=\"elementor-element elementor-element-631f71e elementor-widget elementor-widget-text-editor\" data-id=\"631f71e\" data-element_type=\"widget\" data-e-type=\"widget\" data-widget_type=\"text-editor.default\">\n\t\t\t\t<div class=\"elementor-widget-container\">\n\t\t\t\t\t\t\t\t\t<p>Notre vision est d'am\u00e9liorer l'int\u00e9gration des membres de la communaut\u00e9 chinoise dans la soci\u00e9t\u00e9 multiculturelle canadienne, d'aider les familles immigrantes chinoises \u00e0 am\u00e9liorer la qualit\u00e9 de vie au Canada \u2013 notre deuxi\u00e8me pays.<\/p>\t\t\t\t\t\t\t\t<\/div>\n\t\t\t\t<\/div>\n\t\t\t\t<div class=\"elementor-element elementor-element-df9e4d8 elementor-widget elementor-widget-image\" data-id=\"df9e4d8\" data-element_type=\"widget\" data-e-type=\"widget\" data-widget_type=\"image.default\">\n\t\t\t\t<div class=\"elementor-widget-container\">\n\t\t\t\t\t\t\t\t\t\t\t\t\t\t\t<img decoding=\"async\" width=\"1024\" height=\"768\" src=\"https:\/\/mwestchinesecenter.ca\/wp-content\/uploads\/2022\/10\/7-1024x768.jpg\" class=\"attachment-large size-large wp-image-69\" alt=\"\" srcset=\"https:\/\/mwestchinesecenter.ca\/wp-content\/uploads\/2022\/10\/7-1024x768.jpg 1024w, https:\/\/mwestchinesecenter.ca\/wp-content\/uploads\/2022\/10\/7-300x225.jpg 300w, https:\/\/mwestchinesecenter.ca\/wp-content\/uploads\/2022\/10\/7-768x576.jpg 768w, https:\/\/mwestchinesecenter.ca\/wp-content\/uploads\/2022\/10\/7-1536x1152.jpg 1536w, https:\/\/mwestchinesecenter.ca\/wp-content\/uploads\/2022\/10\/7-2048x1536.jpg 2048w, https:\/\/mwestchinesecenter.ca\/wp-content\/uploads\/2022\/10\/7-1440x1080.jpg 1440w\" sizes=\"(max-width: 1024px) 100vw, 1024px\" \/>\t\t\t\t\t\t\t\t\t\t\t\t\t\t\t<\/div>\n\t\t\t\t<\/div>\n\t\t\t\t\t<\/div>\n\t\t<\/div>\n\t\t\t\t\t<\/div>\n\t\t<\/section>\n\t\t\t\t<section class=\"elementor-section elementor-top-section elementor-element elementor-element-bca70e8 elementor-section-boxed elementor-section-height-default elementor-section-height-default\" data-id=\"bca70e8\" data-element_type=\"section\" data-e-type=\"section\">\n\t\t\t\t\t\t<div class=\"elementor-container elementor-column-gap-default\">\n\t\t\t\t\t<div class=\"elementor-column elementor-col-100 elementor-top-column elementor-element elementor-element-03884ad\" data-id=\"03884ad\" data-element_type=\"column\" data-e-type=\"column\">\n\t\t\t<div class=\"elementor-widget-wrap elementor-element-populated\">\n\t\t\t\t\t\t<div class=\"elementor-element elementor-element-2eba9f2 elementor-widget elementor-widget-heading\" data-id=\"2eba9f2\" data-element_type=\"widget\" data-e-type=\"widget\" data-widget_type=\"heading.default\">\n\t\t\t\t<div class=\"elementor-widget-container\">\n\t\t\t\t\t<h2 class=\"elementor-heading-title elementor-size-default\">Objectifs<\/h2>\t\t\t\t<\/div>\n\t\t\t\t<\/div>\n\t\t\t\t<div class=\"elementor-element elementor-element-a14a571 elementor-widget elementor-widget-text-editor\" data-id=\"a14a571\" data-element_type=\"widget\" data-e-type=\"widget\" data-widget_type=\"text-editor.default\">\n\t\t\t\t<div class=\"elementor-widget-container\">\n\t\t\t\t\t\t\t\t\t<p>Promouvoir les valeurs canadiennes et \u00e9tablir un sentiment d'appartenance. \u00c9tablir des ponts entre la communaut\u00e9 chinoise et les autres groupes ethniques de l'Ouest de l'\u00eele. Pr\u00e9server et d\u00e9velopper la culture chinoise. Am\u00e9liorer la sant\u00e9 mentale et physique de la communaut\u00e9 chinoise. Am\u00e9liorer la situation financi\u00e8re des familles immigrantes chinoises.\u00a0 \u00a0<\/p>\t\t\t\t\t\t\t\t<\/div>\n\t\t\t\t<\/div>\n\t\t\t\t<div class=\"elementor-element elementor-element-3e06af6 elementor-widget elementor-widget-image\" data-id=\"3e06af6\" data-element_type=\"widget\" data-e-type=\"widget\" data-widget_type=\"image.default\">\n\t\t\t\t<div class=\"elementor-widget-container\">\n\t\t\t\t\t\t\t\t\t\t\t\t\t\t\t<img decoding=\"async\" width=\"581\" height=\"475\" src=\"https:\/\/mwestchinesecenter.ca\/wp-content\/uploads\/2022\/10\/12-1.jpg\" class=\"attachment-large size-large wp-image-92\" alt=\"\" srcset=\"https:\/\/mwestchinesecenter.ca\/wp-content\/uploads\/2022\/10\/12-1.jpg 581w, https:\/\/mwestchinesecenter.ca\/wp-content\/uploads\/2022\/10\/12-1-300x245.jpg 300w\" sizes=\"(max-width: 581px) 100vw, 581px\" \/>\t\t\t\t\t\t\t\t\t\t\t\t\t\t\t<\/div>\n\t\t\t\t<\/div>\n\t\t\t\t\t<\/div>\n\t\t<\/div>\n\t\t\t\t\t<\/div>\n\t\t<\/section>\n\t\t\t\t<\/div>","protected":false},"excerpt":{"rendered":"<p>Introduction West Island Chinese Community Center of Montreal (also known as the West Island Chinese Culture and Sports Center) was established in September 2006. It is a non-profit organization. By August 2018, the Center has conducted seven departments, such as: Senior club, Sports Center, Women\u2019s Health, Consultation, Arts, Education, and Fitness etc. It has more&hellip; <br \/> <a class=\"button small blue\" href=\"https:\/\/mwestchinesecenter.ca\/fr\/about-us\">Lire la suite<\/a><\/p>","protected":false},"author":1,"featured_media":0,"parent":0,"menu_order":0,"comment_status":"closed","ping_status":"closed","template":"","meta":{"_coblocks_attr":"","_coblocks_dimensions":"","_coblocks_responsive_height":"","_coblocks_accordion_ie_support":"","footnotes":""},"class_list":["post-197","page","type-page","status-publish","hentry"],"_links":{"self":[{"href":"https:\/\/mwestchinesecenter.ca\/fr\/wp-json\/wp\/v2\/pages\/197","targetHints":{"allow":["GET"]}}],"collection":[{"href":"https:\/\/mwestchinesecenter.ca\/fr\/wp-json\/wp\/v2\/pages"}],"about":[{"href":"https:\/\/mwestchinesecenter.ca\/fr\/wp-json\/wp\/v2\/types\/page"}],"author":[{"embeddable":true,"href":"https:\/\/mwestchinesecenter.ca\/fr\/wp-json\/wp\/v2\/users\/1"}],"replies":[{"embeddable":true,"href":"https:\/\/mwestchinesecenter.ca\/fr\/wp-json\/wp\/v2\/comments?post=197"}],"version-history":[{"count":16,"href":"https:\/\/mwestchinesecenter.ca\/fr\/wp-json\/wp\/v2\/pages\/197\/revisions"}],"predecessor-version":[{"id":348,"href":"https:\/\/mwestchinesecenter.ca\/fr\/wp-json\/wp\/v2\/pages\/197\/revisions\/348"}],"wp:attachment":[{"href":"https:\/\/mwestchinesecenter.ca\/fr\/wp-json\/wp\/v2\/media?parent=197"}],"curies":[{"name":"wp","href":"https:\/\/api.w.org\/{rel}","templated":true}]}}