{"id":208,"date":"2022-10-17T16:18:43","date_gmt":"2022-10-17T16:18:43","guid":{"rendered":"https:\/\/mwestchinesecenter.ca\/?page_id=208"},"modified":"2022-11-16T22:23:43","modified_gmt":"2022-11-16T22:23:43","slug":"seniors-club","status":"publish","type":"page","link":"https:\/\/mwestchinesecenter.ca\/fr\/seniors-club","title":{"rendered":"Club des a\u00een\u00e9s"},"content":{"rendered":"<div data-elementor-type=\"wp-page\" data-elementor-id=\"208\" class=\"elementor elementor-208\" data-elementor-post-type=\"page\">\n\t\t\t\t\t\t<section class=\"elementor-section elementor-top-section elementor-element elementor-element-d0465e8 elementor-section-boxed elementor-section-height-default elementor-section-height-default\" data-id=\"d0465e8\" data-element_type=\"section\" data-e-type=\"section\">\n\t\t\t\t\t\t<div class=\"elementor-container elementor-column-gap-default\">\n\t\t\t\t\t<div class=\"elementor-column elementor-col-100 elementor-top-column elementor-element elementor-element-1aef71a\" data-id=\"1aef71a\" data-element_type=\"column\" data-e-type=\"column\">\n\t\t\t<div class=\"elementor-widget-wrap elementor-element-populated\">\n\t\t\t\t\t\t<div class=\"elementor-element elementor-element-cb29508 elementor-widget elementor-widget-text-editor\" data-id=\"cb29508\" data-element_type=\"widget\" data-e-type=\"widget\" data-widget_type=\"text-editor.default\">\n\t\t\t\t<div class=\"elementor-widget-container\">\n\t\t\t\t\t\t\t\t\t<p>Le Club des a\u00een\u00e9s vise \u00e0 aider les personnes \u00e2g\u00e9es de la communaut\u00e9 chinoise \u00e0 sortir de la solitude et \u00e0 s\u2019int\u00e9grer \u00e0 la soci\u00e9t\u00e9. Nous offrons des conf\u00e9rences aux personnes \u00e2g\u00e9es pour leur fournir des informations et leur apprendre des aptitudes \u00e0 la vie quotidienne au Canada, par exemple, comment faire les courses, comment consulter un m\u00e9decin, comment utiliser les services des transports en commun et du r\u00e9seau des biblioth\u00e8ques. Nous organisons des activit\u00e9s r\u00e9cr\u00e9atives et sociales pour eux, comme des rencontres de f\u00eate et des rencontres r\u00e9guli\u00e8res pour pratiquer du Tai Chi, jouer aux cartes\/mahjong\/aux \u00e9checs, \u00e9changer des id\u00e9es de cuisine, etc. Nous organisons \u00e9galement une chorale et une \u00e9quipe de danse pour les a\u00een\u00e9s. En 2012, nous avons emmen\u00e9 le club des a\u00een\u00e9s en voyage pour voir les champs de lavande. Nous organisons des s\u00e9minaires sur des sujets li\u00e9s \u00e0 la vie des a\u00een\u00e9s, tels que les soins de sant\u00e9 et les communications avec les jeunes g\u00e9n\u00e9rations.\u00a0\u00a0<\/p>\t\t\t\t\t\t\t\t<\/div>\n\t\t\t\t<\/div>\n\t\t\t\t<div class=\"elementor-element elementor-element-8a3af20 elementor-widget elementor-widget-text-editor\" data-id=\"8a3af20\" data-element_type=\"widget\" data-e-type=\"widget\" data-widget_type=\"text-editor.default\">\n\t\t\t\t<div class=\"elementor-widget-container\">\n\t\t\t\t\t\t\t\t\t<p>Les a\u00een\u00e9s de notre communaut\u00e9, non seulement donnent des repr\u00e9sentations lors du Gala du Nouvel An chinois de l'\u00cele de l'Ouest chaque ann\u00e9e, ils participent aussi activement \u00e0 des activit\u00e9s d'\u00e9changes culturels. Le 22 novembre 2017, nous avons invit\u00e9 les membres de Ressources Ethnoculturelles Contre l'Abus envers les A\u00een\u00e9Es (RECAA) \u00e0 donner un atelier dans notre centre sur le th\u00e8me de la maltraitance envers les personnes \u00e2g\u00e9es. Nos a\u00een\u00e9s ont particip\u00e9 activement \u00e0 la discussion et certains ont m\u00eame jou\u00e9 dans une pi\u00e8ce de th\u00e9\u00e2tre con\u00e7ue dans le cadre de l'activit\u00e9.<\/p>\t\t\t\t\t\t\t\t<\/div>\n\t\t\t\t<\/div>\n\t\t\t\t<div class=\"elementor-element elementor-element-fce617f elementor-skin-slideshow elementor-arrows-yes elementor-widget elementor-widget-media-carousel\" data-id=\"fce617f\" data-element_type=\"widget\" data-e-type=\"widget\" data-settings=\"{&quot;skin&quot;:&quot;slideshow&quot;,&quot;effect&quot;:&quot;slide&quot;,&quot;show_arrows&quot;:&quot;yes&quot;,&quot;speed&quot;:500,&quot;autoplay&quot;:&quot;yes&quot;,&quot;autoplay_speed&quot;:5000,&quot;loop&quot;:&quot;yes&quot;,&quot;pause_on_hover&quot;:&quot;yes&quot;,&quot;pause_on_interaction&quot;:&quot;yes&quot;,&quot;space_between&quot;:{&quot;unit&quot;:&quot;px&quot;,&quot;size&quot;:10,&quot;sizes&quot;:[]},&quot;space_between_tablet&quot;:{&quot;unit&quot;:&quot;px&quot;,&quot;size&quot;:10,&quot;sizes&quot;:[]},&quot;space_between_mobile&quot;:{&quot;unit&quot;:&quot;px&quot;,&quot;size&quot;:10,&quot;sizes&quot;:[]}}\" data-widget_type=\"media-carousel.default\">\n\t\t\t\t<div class=\"elementor-widget-container\">\n\t\t\t\t\t\t\t\t\t<div class=\"elementor-swiper\">\n\t\t\t\t\t<div class=\"elementor-main-swiper swiper\" role=\"region\" aria-roledescription=\"carousel\" aria-label=\"Slides\">\n\t\t\t\t<div class=\"swiper-wrapper\">\n\t\t\t\t\t\t\t\t\t\t\t<div class=\"swiper-slide\" role=\"group\" aria-roledescription=\"slide\">\n\t\t\t\t\t\t\t<a href=\"https:\/\/p4x.ba8.myftpupload.com\/wp-content\/uploads\/2022\/10\/1-scaled.jpg\" data-elementor-open-lightbox=\"yes\" data-elementor-lightbox-slideshow=\"fce617f\" data-elementor-lightbox-title=\"1\" data-e-action-hash=\"#elementor-action%3Aaction%3Dlightbox%26settings%3DeyJpZCI6MTczLCJ1cmwiOiJodHRwczpcL1wvbXdlc3RjaGluZXNlY2VudGVyLmNhXC93cC1jb250ZW50XC91cGxvYWRzXC8yMDIyXC8xMFwvMS1zY2FsZWQuanBnIiwic2xpZGVzaG93IjoiZmNlNjE3ZiJ9\">\t\t<div class=\"elementor-carousel-image\" role=\"img\" aria-label=\"1\" style=\"background-image: url(&#039;https:\/\/mwestchinesecenter.ca\/wp-content\/uploads\/2022\/10\/1-scaled.jpg&#039;)\">\n\n\t\t\t\n\t\t\t\t\t<\/div>\n\t\t<\/a>\t\t\t\t\t\t<\/div>\n\t\t\t\t\t\t\t\t\t\t\t<div class=\"swiper-slide\" role=\"group\" aria-roledescription=\"slide\">\n\t\t\t\t\t\t\t<a href=\"https:\/\/p4x.ba8.myftpupload.com\/wp-content\/uploads\/2022\/10\/2-1-scaled.jpg\" data-elementor-open-lightbox=\"yes\" data-elementor-lightbox-slideshow=\"fce617f\" data-elementor-lightbox-title=\"2\" data-e-action-hash=\"#elementor-action%3Aaction%3Dlightbox%26settings%3DeyJpZCI6MTc0LCJ1cmwiOiJodHRwczpcL1wvbXdlc3RjaGluZXNlY2VudGVyLmNhXC93cC1jb250ZW50XC91cGxvYWRzXC8yMDIyXC8xMFwvMi0xLXNjYWxlZC5qcGciLCJzbGlkZXNob3ciOiJmY2U2MTdmIn0%3D\">\t\t<div class=\"elementor-carousel-image\" role=\"img\" aria-label=\"2\" style=\"background-image: url(&#039;https:\/\/mwestchinesecenter.ca\/wp-content\/uploads\/2022\/10\/2-1-scaled.jpg&#039;)\">\n\n\t\t\t\n\t\t\t\t\t<\/div>\n\t\t<\/a>\t\t\t\t\t\t<\/div>\n\t\t\t\t\t\t\t\t\t\t\t<div class=\"swiper-slide\" role=\"group\" aria-roledescription=\"slide\">\n\t\t\t\t\t\t\t<a href=\"https:\/\/p4x.ba8.myftpupload.com\/wp-content\/uploads\/2022\/10\/3-scaled.jpg\" data-elementor-open-lightbox=\"yes\" data-elementor-lightbox-slideshow=\"fce617f\" data-elementor-lightbox-title=\"3\" data-e-action-hash=\"#elementor-action%3Aaction%3Dlightbox%26settings%3DeyJpZCI6MTc1LCJ1cmwiOiJodHRwczpcL1wvbXdlc3RjaGluZXNlY2VudGVyLmNhXC93cC1jb250ZW50XC91cGxvYWRzXC8yMDIyXC8xMFwvMy1zY2FsZWQuanBnIiwic2xpZGVzaG93IjoiZmNlNjE3ZiJ9\">\t\t<div class=\"elementor-carousel-image\" role=\"img\" aria-label=\"3\" style=\"background-image: url(&#039;https:\/\/mwestchinesecenter.ca\/wp-content\/uploads\/2022\/10\/3-scaled.jpg&#039;)\">\n\n\t\t\t\n\t\t\t\t\t<\/div>\n\t\t<\/a>\t\t\t\t\t\t<\/div>\n\t\t\t\t\t\t\t\t\t\t\t<div class=\"swiper-slide\" role=\"group\" aria-roledescription=\"slide\">\n\t\t\t\t\t\t\t<a href=\"https:\/\/p4x.ba8.myftpupload.com\/wp-content\/uploads\/2022\/10\/4.png\" data-elementor-open-lightbox=\"yes\" data-elementor-lightbox-slideshow=\"fce617f\" data-elementor-lightbox-title=\"4\" data-e-action-hash=\"#elementor-action%3Aaction%3Dlightbox%26settings%3DeyJpZCI6MTc2LCJ1cmwiOiJodHRwczpcL1wvbXdlc3RjaGluZXNlY2VudGVyLmNhXC93cC1jb250ZW50XC91cGxvYWRzXC8yMDIyXC8xMFwvNC5wbmciLCJzbGlkZXNob3ciOiJmY2U2MTdmIn0%3D\">\t\t<div class=\"elementor-carousel-image\" role=\"img\" aria-label=\"4\" style=\"background-image: url(&#039;https:\/\/mwestchinesecenter.ca\/wp-content\/uploads\/2022\/10\/4.png&#039;)\">\n\n\t\t\t\n\t\t\t\t\t<\/div>\n\t\t<\/a>\t\t\t\t\t\t<\/div>\n\t\t\t\t\t\t\t\t\t\t\t<div class=\"swiper-slide\" role=\"group\" aria-roledescription=\"slide\">\n\t\t\t\t\t\t\t<a href=\"https:\/\/p4x.ba8.myftpupload.com\/wp-content\/uploads\/2022\/10\/5-2.jpg\" data-elementor-open-lightbox=\"yes\" data-elementor-lightbox-slideshow=\"fce617f\" data-elementor-lightbox-title=\"5\" data-e-action-hash=\"#elementor-action%3Aaction%3Dlightbox%26settings%3DeyJpZCI6MTc3LCJ1cmwiOiJodHRwczpcL1wvbXdlc3RjaGluZXNlY2VudGVyLmNhXC93cC1jb250ZW50XC91cGxvYWRzXC8yMDIyXC8xMFwvNS0yLmpwZyIsInNsaWRlc2hvdyI6ImZjZTYxN2YifQ%3D%3D\">\t\t<div class=\"elementor-carousel-image\" role=\"img\" aria-label=\"5\" style=\"background-image: url(&#039;https:\/\/mwestchinesecenter.ca\/wp-content\/uploads\/2022\/10\/5-2.jpg&#039;)\">\n\n\t\t\t\n\t\t\t\t\t<\/div>\n\t\t<\/a>\t\t\t\t\t\t<\/div>\n\t\t\t\t\t\t\t\t\t\t\t<div class=\"swiper-slide\" role=\"group\" aria-roledescription=\"slide\">\n\t\t\t\t\t\t\t<a href=\"https:\/\/mwestchinesecenter.ca\/wp-content\/uploads\/2022\/11\/2022-11-16-1.jpg\" data-elementor-open-lightbox=\"yes\" data-elementor-lightbox-slideshow=\"fce617f\" data-elementor-lightbox-title=\"2022-11-16\" data-e-action-hash=\"#elementor-action%3Aaction%3Dlightbox%26settings%3DeyJpZCI6NDcyLCJ1cmwiOiJodHRwczpcL1wvbXdlc3RjaGluZXNlY2VudGVyLmNhXC93cC1jb250ZW50XC91cGxvYWRzXC8yMDIyXC8xMVwvMjAyMi0xMS0xNi0xLmpwZyIsInNsaWRlc2hvdyI6ImZjZTYxN2YifQ%3D%3D\">\t\t<div class=\"elementor-carousel-image\" role=\"img\" aria-label=\"2022-11-16\" style=\"background-image: url(&#039;https:\/\/mwestchinesecenter.ca\/wp-content\/uploads\/2022\/11\/2022-11-16-1.jpg&#039;)\">\n\n\t\t\t\n\t\t\t\t\t<\/div>\n\t\t<\/a>\t\t\t\t\t\t<\/div>\n\t\t\t\t\t\t\t\t\t<\/div>\n\t\t\t\t\t\t\t\t\t\t\t\t\t\t\t<div class=\"elementor-swiper-button elementor-swiper-button-prev\" role=\"button\" tabindex=\"0\" aria-label=\"Previous\">\n\t\t\t\t\t\t\t<i aria-hidden=\"true\" class=\"eicon-chevron-left\"><\/i>\t\t\t\t\t\t<\/div>\n\t\t\t\t\t\t<div class=\"elementor-swiper-button elementor-swiper-button-next\" role=\"button\" tabindex=\"0\" aria-label=\"Next\">\n\t\t\t\t\t\t\t<i aria-hidden=\"true\" class=\"eicon-chevron-right\"><\/i>\t\t\t\t\t\t<\/div>\n\t\t\t\t\t\t\t\t\t\t\t\t\t\t\t\t\t<\/div>\n\t\t\t\t<\/div>\n\t\t\t\t\t\t\t\t<div class=\"elementor-swiper\">\n\t\t\t\t\t<div class=\"elementor-main-swiper swiper elementor-thumbnails-swiper swiper\" role=\"region region\" aria-roledescription=\"carousel carousel\" aria-label=\"Slides Slides\">\n\t\t\t\t<div class=\"swiper-wrapper\">\n\t\t\t\t\t\t\t\t\t\t\t<div class=\"swiper-slide\" role=\"group\" aria-roledescription=\"slide\">\n\t\t\t\t\t\t\t\t\t<div class=\"elementor-carousel-image\" role=\"img\" aria-label=\"1\" style=\"background-image: url(&#039;https:\/\/mwestchinesecenter.ca\/wp-content\/uploads\/2022\/10\/1-scaled.jpg&#039;)\">\n\n\t\t\t\n\t\t\t\t\t<\/div>\n\t\t<\/a>\t\t\t\t\t\t<\/div>\n\t\t\t\t\t\t\t\t\t\t\t<div class=\"swiper-slide\" role=\"group\" aria-roledescription=\"slide\">\n\t\t\t\t\t\t\t\t\t<div class=\"elementor-carousel-image\" role=\"img\" aria-label=\"2\" style=\"background-image: url(&#039;https:\/\/mwestchinesecenter.ca\/wp-content\/uploads\/2022\/10\/2-1-scaled.jpg&#039;)\">\n\n\t\t\t\n\t\t\t\t\t<\/div>\n\t\t<\/a>\t\t\t\t\t\t<\/div>\n\t\t\t\t\t\t\t\t\t\t\t<div class=\"swiper-slide\" role=\"group\" aria-roledescription=\"slide\">\n\t\t\t\t\t\t\t\t\t<div class=\"elementor-carousel-image\" role=\"img\" aria-label=\"3\" style=\"background-image: url(&#039;https:\/\/mwestchinesecenter.ca\/wp-content\/uploads\/2022\/10\/3-scaled.jpg&#039;)\">\n\n\t\t\t\n\t\t\t\t\t<\/div>\n\t\t<\/a>\t\t\t\t\t\t<\/div>\n\t\t\t\t\t\t\t\t\t\t\t<div class=\"swiper-slide\" role=\"group\" aria-roledescription=\"slide\">\n\t\t\t\t\t\t\t\t\t<div class=\"elementor-carousel-image\" role=\"img\" aria-label=\"4\" style=\"background-image: url(&#039;https:\/\/mwestchinesecenter.ca\/wp-content\/uploads\/2022\/10\/4.png&#039;)\">\n\n\t\t\t\n\t\t\t\t\t<\/div>\n\t\t<\/a>\t\t\t\t\t\t<\/div>\n\t\t\t\t\t\t\t\t\t\t\t<div class=\"swiper-slide\" role=\"group\" aria-roledescription=\"slide\">\n\t\t\t\t\t\t\t\t\t<div class=\"elementor-carousel-image\" role=\"img\" aria-label=\"5\" style=\"background-image: url(&#039;https:\/\/mwestchinesecenter.ca\/wp-content\/uploads\/2022\/10\/5-2.jpg&#039;)\">\n\n\t\t\t\n\t\t\t\t\t<\/div>\n\t\t<\/a>\t\t\t\t\t\t<\/div>\n\t\t\t\t\t\t\t\t\t\t\t<div class=\"swiper-slide\" role=\"group\" aria-roledescription=\"slide\">\n\t\t\t\t\t\t\t\t\t<div class=\"elementor-carousel-image\" role=\"img\" aria-label=\"2022-11-16\" style=\"background-image: url(&#039;https:\/\/mwestchinesecenter.ca\/wp-content\/uploads\/2022\/11\/2022-11-16-1.jpg&#039;)\">\n\n\t\t\t\n\t\t\t\t\t<\/div>\n\t\t<\/a>\t\t\t\t\t\t<\/div>\n\t\t\t\t\t\t\t\t\t<\/div>\n\t\t\t\t\t\t\t\t\t\t\t\t\t\t\t\t\t\t\t\t\t<\/div>\n\t\t\t\t<\/div>\n\t\t\t\t\t\t\t\t<\/div>\n\t\t\t\t<\/div>\n\t\t\t\t<div class=\"elementor-element elementor-element-d2e9325 elementor-widget elementor-widget-text-editor\" data-id=\"d2e9325\" data-element_type=\"widget\" data-e-type=\"widget\" data-widget_type=\"text-editor.default\">\n\t\t\t\t<div class=\"elementor-widget-container\">\n\t\t\t\t\t\t\t\t\t<p>Le 29 septembre 2017, la chorale de notre club pour a\u00een\u00e9s, accompagn\u00e9e de l'Orchestre de musique folklorique chinoise de l'\u00e9cole Confucius de Montr\u00e9al, a \u00e9t\u00e9 invit\u00e9e \u00e0 donner une repr\u00e9sentation pour les r\u00e9sidents du Manoir Kirkland, une maison de retraite. Depuis lors, chaque ann\u00e9e autour du Nouvel An chinois, nos a\u00een\u00e9s, accompagn\u00e9s des autres membres de la Troupe d'art de l\u2019\u00c9cole Confucius de Montr\u00e9al, visitent et donnent des repr\u00e9sentations \u00e0 la maison de retraite. Depuis janvier 2018, nous avons lanc\u00e9 le \u00ab Projet Havre bleu \u00bb. Nos a\u00een\u00e9s apprennent le Tai Chi, la c\u00e9r\u00e9monie du th\u00e9 chinoise et la musique chinoise les uns des autres, et participent \u00e0 des \u00e9changes culturels avec les communaut\u00e9s avoisinantes. Ils ne sont plus simplement des b\u00e9n\u00e9ficiaires de soins, mais aussi des b\u00e9n\u00e9voles qui transmettent leur chaleur, leurs comp\u00e9tences et leur sagesse \u00e0 la jeune g\u00e9n\u00e9ration ainsi qu'\u00e0 leurs pairs d\u2019autres communaut\u00e9s ethniques.<\/p>\t\t\t\t\t\t\t\t<\/div>\n\t\t\t\t<\/div>\n\t\t\t\t\t<\/div>\n\t\t<\/div>\n\t\t\t\t\t<\/div>\n\t\t<\/section>\n\t\t\t\t<section class=\"elementor-section elementor-top-section elementor-element elementor-element-c456bac elementor-section-boxed elementor-section-height-default elementor-section-height-default\" data-id=\"c456bac\" data-element_type=\"section\" data-e-type=\"section\">\n\t\t\t\t\t\t<div class=\"elementor-container elementor-column-gap-default\">\n\t\t\t\t\t<div class=\"elementor-column elementor-col-100 elementor-top-column elementor-element elementor-element-dfcfc5f\" data-id=\"dfcfc5f\" data-element_type=\"column\" data-e-type=\"column\">\n\t\t\t<div class=\"elementor-widget-wrap elementor-element-populated\">\n\t\t\t\t\t\t<div class=\"elementor-element elementor-element-8461bc6 elementor-widget elementor-widget-image\" data-id=\"8461bc6\" data-element_type=\"widget\" data-e-type=\"widget\" data-widget_type=\"image.default\">\n\t\t\t\t<div class=\"elementor-widget-container\">\n\t\t\t\t\t\t\t\t\t\t\t\t\t\t\t<img fetchpriority=\"high\" decoding=\"async\" width=\"1094\" height=\"829\" src=\"https:\/\/mwestchinesecenter.ca\/wp-content\/uploads\/2022\/10\/6-2.jpg\" class=\"attachment-full size-full wp-image-211\" alt=\"\" srcset=\"https:\/\/mwestchinesecenter.ca\/wp-content\/uploads\/2022\/10\/6-2.jpg 1094w, https:\/\/mwestchinesecenter.ca\/wp-content\/uploads\/2022\/10\/6-2-300x227.jpg 300w, https:\/\/mwestchinesecenter.ca\/wp-content\/uploads\/2022\/10\/6-2-1024x776.jpg 1024w, https:\/\/mwestchinesecenter.ca\/wp-content\/uploads\/2022\/10\/6-2-768x582.jpg 768w\" sizes=\"(max-width: 1094px) 100vw, 1094px\" \/>\t\t\t\t\t\t\t\t\t\t\t\t\t\t\t<\/div>\n\t\t\t\t<\/div>\n\t\t\t\t\t<\/div>\n\t\t<\/div>\n\t\t\t\t\t<\/div>\n\t\t<\/section>\n\t\t\t\t<\/div>","protected":false},"excerpt":{"rendered":"<p>The Senior Club is to help the seniors in the Chinese community to get out of the loneliness and get connected to the society. We give the elderly lectures to provide information and teach basic life skills in Canada, for instance, how to do shopping, how to see a doctor, how to use public transportation&hellip; <br \/> <a class=\"button small blue\" href=\"https:\/\/mwestchinesecenter.ca\/fr\/seniors-club\">Lire la suite<\/a><\/p>","protected":false},"author":1,"featured_media":0,"parent":0,"menu_order":0,"comment_status":"closed","ping_status":"closed","template":"","meta":{"_coblocks_attr":"","_coblocks_dimensions":"","_coblocks_responsive_height":"","_coblocks_accordion_ie_support":"","footnotes":""},"class_list":["post-208","page","type-page","status-publish","hentry"],"_links":{"self":[{"href":"https:\/\/mwestchinesecenter.ca\/fr\/wp-json\/wp\/v2\/pages\/208","targetHints":{"allow":["GET"]}}],"collection":[{"href":"https:\/\/mwestchinesecenter.ca\/fr\/wp-json\/wp\/v2\/pages"}],"about":[{"href":"https:\/\/mwestchinesecenter.ca\/fr\/wp-json\/wp\/v2\/types\/page"}],"author":[{"embeddable":true,"href":"https:\/\/mwestchinesecenter.ca\/fr\/wp-json\/wp\/v2\/users\/1"}],"replies":[{"embeddable":true,"href":"https:\/\/mwestchinesecenter.ca\/fr\/wp-json\/wp\/v2\/comments?post=208"}],"version-history":[{"count":13,"href":"https:\/\/mwestchinesecenter.ca\/fr\/wp-json\/wp\/v2\/pages\/208\/revisions"}],"predecessor-version":[{"id":475,"href":"https:\/\/mwestchinesecenter.ca\/fr\/wp-json\/wp\/v2\/pages\/208\/revisions\/475"}],"wp:attachment":[{"href":"https:\/\/mwestchinesecenter.ca\/fr\/wp-json\/wp\/v2\/media?parent=208"}],"curies":[{"name":"wp","href":"https:\/\/api.w.org\/{rel}","templated":true}]}}