{"id":217,"date":"2022-10-17T16:35:37","date_gmt":"2022-10-17T16:35:37","guid":{"rendered":"https:\/\/mwestchinesecenter.ca\/?page_id=217"},"modified":"2024-06-07T17:18:49","modified_gmt":"2024-06-07T17:18:49","slug":"festival-galas","status":"publish","type":"page","link":"https:\/\/mwestchinesecenter.ca\/fr\/festival-galas","title":{"rendered":"Galas de festival"},"content":{"rendered":"<div data-elementor-type=\"wp-page\" data-elementor-id=\"217\" class=\"elementor elementor-217\" data-elementor-post-type=\"page\">\n\t\t\t\t\t\t<section class=\"elementor-section elementor-top-section elementor-element elementor-element-a3054a2 elementor-section-boxed elementor-section-height-default elementor-section-height-default\" data-id=\"a3054a2\" data-element_type=\"section\" data-e-type=\"section\">\n\t\t\t\t\t\t<div class=\"elementor-container elementor-column-gap-default\">\n\t\t\t\t\t<div class=\"elementor-column elementor-col-100 elementor-top-column elementor-element elementor-element-4d41b91\" data-id=\"4d41b91\" data-element_type=\"column\" data-e-type=\"column\">\n\t\t\t<div class=\"elementor-widget-wrap elementor-element-populated\">\n\t\t\t\t\t\t<div class=\"elementor-element elementor-element-15384f9 elementor-widget elementor-widget-heading\" data-id=\"15384f9\" data-element_type=\"widget\" data-e-type=\"widget\" data-widget_type=\"heading.default\">\n\t\t\t\t<div class=\"elementor-widget-container\">\n\t\t\t\t\t<h2 class=\"elementor-heading-title elementor-size-default\">L'\u00e9v\u00e9nement le plus r\u00e9cent<\/h2>\t\t\t\t<\/div>\n\t\t\t\t<\/div>\n\t\t\t\t<div class=\"elementor-element elementor-element-226864d elementor-widget elementor-widget-heading\" data-id=\"226864d\" data-element_type=\"widget\" data-e-type=\"widget\" data-widget_type=\"heading.default\">\n\t\t\t\t<div class=\"elementor-widget-container\">\n\t\t\t\t\t<h3 class=\"elementor-heading-title elementor-size-default\">2024 West Island Spring Festival Gala<\/h3>\t\t\t\t<\/div>\n\t\t\t\t<\/div>\n\t\t\t\t<div class=\"elementor-element elementor-element-6300933 elementor-widget elementor-widget-image-carousel\" data-id=\"6300933\" data-element_type=\"widget\" data-e-type=\"widget\" data-settings=\"{&quot;slides_to_show&quot;:&quot;2&quot;,&quot;slides_to_scroll&quot;:&quot;1&quot;,&quot;navigation&quot;:&quot;none&quot;,&quot;autoplay&quot;:&quot;no&quot;,&quot;infinite&quot;:&quot;no&quot;,&quot;speed&quot;:500}\" data-widget_type=\"image-carousel.default\">\n\t\t\t\t<div class=\"elementor-widget-container\">\n\t\t\t\t\t\t\t<div class=\"elementor-image-carousel-wrapper swiper\" role=\"region\" aria-roledescription=\"carousel\" aria-label=\"Image Carousel\" dir=\"ltr\">\n\t\t\t<div class=\"elementor-image-carousel swiper-wrapper\" aria-live=\"polite\">\n\t\t\t\t\t\t\t\t<div class=\"swiper-slide\" role=\"group\" aria-roledescription=\"slide\" aria-label=\"1 of 2\"><a data-elementor-open-lightbox=\"yes\" data-elementor-lightbox-slideshow=\"6300933\" data-elementor-lightbox-title=\"Programs (Chinese)\" data-e-action-hash=\"#elementor-action%3Aaction%3Dlightbox%26settings%3DeyJpZCI6NzQyLCJ1cmwiOiJodHRwczpcL1wvbXdlc3RjaGluZXNlY2VudGVyLmNhXC93cC1jb250ZW50XC91cGxvYWRzXC8yMDI0XC8wNlwvMS0zX3BhZ2UtMDAwMi0yLmpwZyIsInNsaWRlc2hvdyI6IjYzMDA5MzMifQ%3D%3D\" href=\"https:\/\/mwestchinesecenter.ca\/wp-content\/uploads\/2024\/06\/1-3_page-0002-2.jpg\"><figure class=\"swiper-slide-inner\"><img decoding=\"async\" class=\"swiper-slide-image\" src=\"https:\/\/mwestchinesecenter.ca\/wp-content\/uploads\/2024\/06\/1-3_page-0002-2-150x150.jpg\" alt=\"Programs (Chinese)\" \/><figcaption class=\"elementor-image-carousel-caption\">Programmes (chinois)<\/figcaption><\/figure><\/a><\/div><div class=\"swiper-slide\" role=\"group\" aria-roledescription=\"slide\" aria-label=\"2 of 2\"><a data-elementor-open-lightbox=\"yes\" data-elementor-lightbox-slideshow=\"6300933\" data-elementor-lightbox-title=\"Programs (English)\" data-e-action-hash=\"#elementor-action%3Aaction%3Dlightbox%26settings%3DeyJpZCI6NzQxLCJ1cmwiOiJodHRwczpcL1wvbXdlc3RjaGluZXNlY2VudGVyLmNhXC93cC1jb250ZW50XC91cGxvYWRzXC8yMDI0XC8wNlwvMWVuX3BhZ2VzLXRvLWpwZy0wMDAyLTEuanBnIiwic2xpZGVzaG93IjoiNjMwMDkzMyJ9\" href=\"https:\/\/mwestchinesecenter.ca\/wp-content\/uploads\/2024\/06\/1en_pages-to-jpg-0002-1.jpg\"><figure class=\"swiper-slide-inner\"><img decoding=\"async\" class=\"swiper-slide-image\" src=\"https:\/\/mwestchinesecenter.ca\/wp-content\/uploads\/2024\/06\/1en_pages-to-jpg-0002-1-150x150.jpg\" alt=\"Programs (English)\" \/><figcaption class=\"elementor-image-carousel-caption\">Programmes (anglais)<\/figcaption><\/figure><\/a><\/div>\t\t\t<\/div>\n\t\t\t\t\t\t\t\n\t\t\t\t\t\t\t\t\t<\/div>\n\t\t\t\t\t\t<\/div>\n\t\t\t\t<\/div>\n\t\t\t\t<div class=\"elementor-element elementor-element-0d67817 elementor-widget elementor-widget-video\" data-id=\"0d67817\" data-element_type=\"widget\" data-e-type=\"widget\" data-settings=\"{&quot;youtube_url&quot;:&quot;https:\\\/\\\/youtu.be\\\/7WSUSFu5ooM?si=-HxwXUplnAb38mPV&quot;,&quot;video_type&quot;:&quot;youtube&quot;,&quot;controls&quot;:&quot;yes&quot;}\" data-widget_type=\"video.default\">\n\t\t\t\t<div class=\"elementor-widget-container\">\n\t\t\t\t\t\t\t<div class=\"elementor-wrapper elementor-open-inline\">\n\t\t\t<div class=\"elementor-video\"><\/div>\t\t<\/div>\n\t\t\t\t\t\t<\/div>\n\t\t\t\t<\/div>\n\t\t\t\t\t<\/div>\n\t\t<\/div>\n\t\t\t\t\t<\/div>\n\t\t<\/section>\n\t\t\t\t<section class=\"elementor-section elementor-top-section elementor-element elementor-element-9e4c4d2 elementor-section-boxed elementor-section-height-default elementor-section-height-default\" data-id=\"9e4c4d2\" data-element_type=\"section\" data-e-type=\"section\">\n\t\t\t\t\t\t<div class=\"elementor-container elementor-column-gap-default\">\n\t\t\t\t\t<div class=\"elementor-column elementor-col-100 elementor-top-column elementor-element elementor-element-90ad677\" data-id=\"90ad677\" data-element_type=\"column\" data-e-type=\"column\">\n\t\t\t<div class=\"elementor-widget-wrap elementor-element-populated\">\n\t\t\t\t\t\t<div class=\"elementor-element elementor-element-f1df3a4 elementor-widget elementor-widget-heading\" data-id=\"f1df3a4\" data-element_type=\"widget\" data-e-type=\"widget\" data-widget_type=\"heading.default\">\n\t\t\t\t<div class=\"elementor-widget-container\">\n\t\t\t\t\t<h2 class=\"elementor-heading-title elementor-size-default\">Activit\u00e9s culturelles chinoises<\/h2>\t\t\t\t<\/div>\n\t\t\t\t<\/div>\n\t\t\t\t<div class=\"elementor-element elementor-element-dc40c3f elementor-skin-slideshow elementor-arrows-yes elementor-widget elementor-widget-media-carousel\" data-id=\"dc40c3f\" data-element_type=\"widget\" data-e-type=\"widget\" data-settings=\"{&quot;skin&quot;:&quot;slideshow&quot;,&quot;effect&quot;:&quot;slide&quot;,&quot;show_arrows&quot;:&quot;yes&quot;,&quot;speed&quot;:500,&quot;autoplay&quot;:&quot;yes&quot;,&quot;autoplay_speed&quot;:5000,&quot;loop&quot;:&quot;yes&quot;,&quot;pause_on_hover&quot;:&quot;yes&quot;,&quot;pause_on_interaction&quot;:&quot;yes&quot;,&quot;space_between&quot;:{&quot;unit&quot;:&quot;px&quot;,&quot;size&quot;:10,&quot;sizes&quot;:[]},&quot;space_between_tablet&quot;:{&quot;unit&quot;:&quot;px&quot;,&quot;size&quot;:10,&quot;sizes&quot;:[]},&quot;space_between_mobile&quot;:{&quot;unit&quot;:&quot;px&quot;,&quot;size&quot;:10,&quot;sizes&quot;:[]}}\" data-widget_type=\"media-carousel.default\">\n\t\t\t\t<div class=\"elementor-widget-container\">\n\t\t\t\t\t\t\t\t\t<div class=\"elementor-swiper\">\n\t\t\t\t\t<div class=\"elementor-main-swiper swiper\" role=\"region\" aria-roledescription=\"carousel\" aria-label=\"Slides\">\n\t\t\t\t<div class=\"swiper-wrapper\">\n\t\t\t\t\t\t\t\t\t\t\t<div class=\"swiper-slide\" role=\"group\" aria-roledescription=\"slide\">\n\t\t\t\t\t\t\t<a href=\"https:\/\/mwestchinesecenter.ca\/wp-content\/uploads\/2024\/03\/353bb52992f1287a88026016983e83c-scaled.jpg\" data-elementor-open-lightbox=\"yes\" data-elementor-lightbox-slideshow=\"dc40c3f\" data-elementor-lightbox-title=\"353bb52992f1287a88026016983e83c\" data-e-action-hash=\"#elementor-action%3Aaction%3Dlightbox%26settings%3DeyJpZCI6NzA5LCJ1cmwiOiJodHRwczpcL1wvbXdlc3RjaGluZXNlY2VudGVyLmNhXC93cC1jb250ZW50XC91cGxvYWRzXC8yMDI0XC8wM1wvMzUzYmI1Mjk5MmYxMjg3YTg4MDI2MDE2OTgzZTgzYy1zY2FsZWQuanBnIiwic2xpZGVzaG93IjoiZGM0MGMzZiJ9\" data-elementor-lightbox-video=\"https:\/\/www.youtube.com\/embed\/7WSUSFu5ooM?feature=oembed&amp;autoplay=1&amp;rel=0&amp;controls=0\">\t\t<div class=\"elementor-carousel-image\" role=\"img\" aria-label=\"353bb52992f1287a88026016983e83c\" style=\"background-image: url(&#039;https:\/\/mwestchinesecenter.ca\/wp-content\/uploads\/2024\/03\/353bb52992f1287a88026016983e83c-scaled.jpg&#039;)\">\n\n\t\t\t\n\t\t\t\t\t\t\t<div class=\"elementor-custom-embed-play\">\n\t\t\t\t\t<i aria-hidden=\"true\" class=\"eicon-play\"><\/i>\t\t\t\t\t<span class=\"elementor-screen-only\">Play<\/span>\n\t\t\t\t<\/div>\n\t\t\t\t\t<\/div>\n\t\t<\/a>\t\t\t\t\t\t<\/div>\n\t\t\t\t\t\t\t\t\t\t\t<div class=\"swiper-slide\" role=\"group\" aria-roledescription=\"slide\">\n\t\t\t\t\t\t\t<a href=\"https:\/\/mwestchinesecenter.ca\/wp-content\/uploads\/2024\/06\/640.webp\" data-elementor-open-lightbox=\"yes\" data-elementor-lightbox-slideshow=\"dc40c3f\" data-elementor-lightbox-title=\"640\" data-e-action-hash=\"#elementor-action%3Aaction%3Dlightbox%26settings%3DeyJpZCI6NzI3LCJ1cmwiOiJodHRwczpcL1wvbXdlc3RjaGluZXNlY2VudGVyLmNhXC93cC1jb250ZW50XC91cGxvYWRzXC8yMDI0XC8wNlwvNjQwLndlYnAiLCJzbGlkZXNob3ciOiJkYzQwYzNmIn0%3D\" data-elementor-lightbox-video=\"https:\/\/www.youtube.com\/embed\/a0FyTNhVFQY?feature=oembed&amp;autoplay=1&amp;rel=0&amp;controls=0\">\t\t<div class=\"elementor-carousel-image\" role=\"img\" aria-label=\"640\" style=\"background-image: url(&#039;https:\/\/mwestchinesecenter.ca\/wp-content\/uploads\/2024\/06\/640.webp&#039;)\">\n\n\t\t\t\n\t\t\t\t\t\t\t<div class=\"elementor-custom-embed-play\">\n\t\t\t\t\t<i aria-hidden=\"true\" class=\"eicon-play\"><\/i>\t\t\t\t\t<span class=\"elementor-screen-only\">Play<\/span>\n\t\t\t\t<\/div>\n\t\t\t\t\t<\/div>\n\t\t<\/a>\t\t\t\t\t\t<\/div>\n\t\t\t\t\t\t\t\t\t\t\t<div class=\"swiper-slide\" role=\"group\" aria-roledescription=\"slide\">\n\t\t\t\t\t\t\t<a href=\"https:\/\/p4x.ba8.myftpupload.com\/wp-content\/uploads\/2022\/10\/zb-scaled.jpg\" data-elementor-open-lightbox=\"yes\" data-elementor-lightbox-slideshow=\"dc40c3f\" data-elementor-lightbox-title=\"zb\" data-e-action-hash=\"#elementor-action%3Aaction%3Dlightbox%26settings%3DeyJpZCI6MTMzLCJ1cmwiOiJodHRwczpcL1wvbXdlc3RjaGluZXNlY2VudGVyLmNhXC93cC1jb250ZW50XC91cGxvYWRzXC8yMDIyXC8xMFwvemItc2NhbGVkLmpwZyIsInNsaWRlc2hvdyI6ImRjNDBjM2YifQ%3D%3D\" data-elementor-lightbox-video=\"https:\/\/www.youtube.com\/embed\/j8lYt6nW-cY?feature=oembed&amp;autoplay=1&amp;rel=0&amp;controls=0\">\t\t<div class=\"elementor-carousel-image\" role=\"img\" aria-label=\"zb\" style=\"background-image: url(&#039;https:\/\/mwestchinesecenter.ca\/wp-content\/uploads\/2022\/10\/zb-scaled.jpg&#039;)\">\n\n\t\t\t\n\t\t\t\t\t\t\t<div class=\"elementor-custom-embed-play\">\n\t\t\t\t\t<i aria-hidden=\"true\" class=\"eicon-play\"><\/i>\t\t\t\t\t<span class=\"elementor-screen-only\">Play<\/span>\n\t\t\t\t<\/div>\n\t\t\t\t\t<\/div>\n\t\t<\/a>\t\t\t\t\t\t<\/div>\n\t\t\t\t\t\t\t\t\t\t\t<div class=\"swiper-slide\" role=\"group\" aria-roledescription=\"slide\">\n\t\t\t\t\t\t\t<a href=\"https:\/\/p4x.ba8.myftpupload.com\/wp-content\/uploads\/2022\/10\/3045-Cut-500.png\" data-elementor-open-lightbox=\"yes\" data-elementor-lightbox-slideshow=\"dc40c3f\" data-elementor-lightbox-title=\"3045 - Cut 500\" data-e-action-hash=\"#elementor-action%3Aaction%3Dlightbox%26settings%3DeyJpZCI6MTMwLCJ1cmwiOiJodHRwczpcL1wvbXdlc3RjaGluZXNlY2VudGVyLmNhXC93cC1jb250ZW50XC91cGxvYWRzXC8yMDIyXC8xMFwvMzA0NS1DdXQtNTAwLnBuZyIsInNsaWRlc2hvdyI6ImRjNDBjM2YifQ%3D%3D\" data-elementor-lightbox-video=\"https:\/\/www.youtube.com\/embed\/Q_EvdRnmwrg?feature=oembed&amp;autoplay=1&amp;rel=0&amp;controls=0\">\t\t<div class=\"elementor-carousel-image\" role=\"img\" aria-label=\"3045 - Cut 500\" style=\"background-image: url(&#039;https:\/\/mwestchinesecenter.ca\/wp-content\/uploads\/2022\/10\/3045-Cut-500.png&#039;)\">\n\n\t\t\t\n\t\t\t\t\t\t\t<div class=\"elementor-custom-embed-play\">\n\t\t\t\t\t<i aria-hidden=\"true\" class=\"eicon-play\"><\/i>\t\t\t\t\t<span class=\"elementor-screen-only\">Play<\/span>\n\t\t\t\t<\/div>\n\t\t\t\t\t<\/div>\n\t\t<\/a>\t\t\t\t\t\t<\/div>\n\t\t\t\t\t\t\t\t\t\t\t<div class=\"swiper-slide\" role=\"group\" aria-roledescription=\"slide\">\n\t\t\t\t\t\t\t<a href=\"https:\/\/p4x.ba8.myftpupload.com\/wp-content\/uploads\/2022\/10\/222-1.27.jpg\" data-elementor-open-lightbox=\"yes\" data-elementor-lightbox-slideshow=\"dc40c3f\" data-elementor-lightbox-title=\"222 1.27\" data-e-action-hash=\"#elementor-action%3Aaction%3Dlightbox%26settings%3DeyJpZCI6MTI5LCJ1cmwiOiJodHRwczpcL1wvbXdlc3RjaGluZXNlY2VudGVyLmNhXC93cC1jb250ZW50XC91cGxvYWRzXC8yMDIyXC8xMFwvMjIyLTEuMjcuanBnIiwic2xpZGVzaG93IjoiZGM0MGMzZiJ9\" data-elementor-lightbox-video=\"https:\/\/www.youtube.com\/embed\/yXjkzvcBuLQ?feature=oembed&amp;autoplay=1&amp;rel=0&amp;controls=0\">\t\t<div class=\"elementor-carousel-image\" role=\"img\" aria-label=\"222 1.27\" style=\"background-image: url(&#039;https:\/\/mwestchinesecenter.ca\/wp-content\/uploads\/2022\/10\/222-1.27.jpg&#039;)\">\n\n\t\t\t\n\t\t\t\t\t\t\t<div class=\"elementor-custom-embed-play\">\n\t\t\t\t\t<i aria-hidden=\"true\" class=\"eicon-play\"><\/i>\t\t\t\t\t<span class=\"elementor-screen-only\">Play<\/span>\n\t\t\t\t<\/div>\n\t\t\t\t\t<\/div>\n\t\t<\/a>\t\t\t\t\t\t<\/div>\n\t\t\t\t\t\t\t\t\t<\/div>\n\t\t\t\t\t\t\t\t\t\t\t\t\t\t\t<div class=\"elementor-swiper-button elementor-swiper-button-prev\" role=\"button\" tabindex=\"0\" aria-label=\"Previous\">\n\t\t\t\t\t\t\t<i aria-hidden=\"true\" class=\"eicon-chevron-left\"><\/i>\t\t\t\t\t\t<\/div>\n\t\t\t\t\t\t<div class=\"elementor-swiper-button elementor-swiper-button-next\" role=\"button\" tabindex=\"0\" aria-label=\"Next\">\n\t\t\t\t\t\t\t<i aria-hidden=\"true\" class=\"eicon-chevron-right\"><\/i>\t\t\t\t\t\t<\/div>\n\t\t\t\t\t\t\t\t\t\t\t\t\t\t\t\t\t<\/div>\n\t\t\t\t<\/div>\n\t\t\t\t\t\t\t\t<div class=\"elementor-swiper\">\n\t\t\t\t\t<div class=\"elementor-main-swiper swiper elementor-thumbnails-swiper swiper\" role=\"region region\" aria-roledescription=\"carousel carousel\" aria-label=\"Slides Slides\">\n\t\t\t\t<div class=\"swiper-wrapper\">\n\t\t\t\t\t\t\t\t\t\t\t<div class=\"swiper-slide\" role=\"group\" aria-roledescription=\"slide\">\n\t\t\t\t\t\t\t\t\t<div class=\"elementor-carousel-image\" role=\"img\" aria-label=\"353bb52992f1287a88026016983e83c\" style=\"background-image: url(&#039;https:\/\/mwestchinesecenter.ca\/wp-content\/uploads\/2024\/03\/353bb52992f1287a88026016983e83c-scaled.jpg&#039;)\">\n\n\t\t\t\n\t\t\t\t\t<\/div>\n\t\t<\/a>\t\t\t\t\t\t<\/div>\n\t\t\t\t\t\t\t\t\t\t\t<div class=\"swiper-slide\" role=\"group\" aria-roledescription=\"slide\">\n\t\t\t\t\t\t\t\t\t<div class=\"elementor-carousel-image\" role=\"img\" aria-label=\"640\" style=\"background-image: url(&#039;https:\/\/mwestchinesecenter.ca\/wp-content\/uploads\/2024\/06\/640.webp&#039;)\">\n\n\t\t\t\n\t\t\t\t\t<\/div>\n\t\t<\/a>\t\t\t\t\t\t<\/div>\n\t\t\t\t\t\t\t\t\t\t\t<div class=\"swiper-slide\" role=\"group\" aria-roledescription=\"slide\">\n\t\t\t\t\t\t\t\t\t<div class=\"elementor-carousel-image\" role=\"img\" aria-label=\"zb\" style=\"background-image: url(&#039;https:\/\/mwestchinesecenter.ca\/wp-content\/uploads\/2022\/10\/zb-scaled.jpg&#039;)\">\n\n\t\t\t\n\t\t\t\t\t<\/div>\n\t\t<\/a>\t\t\t\t\t\t<\/div>\n\t\t\t\t\t\t\t\t\t\t\t<div class=\"swiper-slide\" role=\"group\" aria-roledescription=\"slide\">\n\t\t\t\t\t\t\t\t\t<div class=\"elementor-carousel-image\" role=\"img\" aria-label=\"3045 - Cut 500\" style=\"background-image: url(&#039;https:\/\/mwestchinesecenter.ca\/wp-content\/uploads\/2022\/10\/3045-Cut-500.png&#039;)\">\n\n\t\t\t\n\t\t\t\t\t<\/div>\n\t\t<\/a>\t\t\t\t\t\t<\/div>\n\t\t\t\t\t\t\t\t\t\t\t<div class=\"swiper-slide\" role=\"group\" aria-roledescription=\"slide\">\n\t\t\t\t\t\t\t\t\t<div class=\"elementor-carousel-image\" role=\"img\" aria-label=\"222 1.27\" style=\"background-image: url(&#039;https:\/\/mwestchinesecenter.ca\/wp-content\/uploads\/2022\/10\/222-1.27.jpg&#039;)\">\n\n\t\t\t\n\t\t\t\t\t<\/div>\n\t\t<\/a>\t\t\t\t\t\t<\/div>\n\t\t\t\t\t\t\t\t\t<\/div>\n\t\t\t\t\t\t\t\t\t\t\t\t\t\t\t\t\t\t\t\t\t<\/div>\n\t\t\t\t<\/div>\n\t\t\t\t\t\t\t\t<\/div>\n\t\t\t\t<\/div>\n\t\t\t\t<div class=\"elementor-element elementor-element-8d70405 elementor-widget elementor-widget-text-editor\" data-id=\"8d70405\" data-element_type=\"widget\" data-e-type=\"widget\" data-widget_type=\"text-editor.default\">\n\t\t\t\t<div class=\"elementor-widget-container\">\n\t\t\t\t\t\t\t\t\t<p class=\"translation-block\">Nous rassemblons les gens pour c\u00e9l\u00e9brer les f\u00eates traditionnelles chinoises, telles que le Nouvel An chinois, la F\u00eate de la lune, la F\u00eate des lanternes et la F\u00eate des bateaux-dragons. Depuis 2009, nous organisons le Gala du Nouvel An chinois de l'Ouest de l'\u00eele chaque ann\u00e9e. Depuis 2013, le pr\u00e9sident ex\u00e9cutif du Centre est la principale planificatrice de la c\u00e9l\u00e9bration de la Journ\u00e9e nationale chinoise. Depuis 2017, elle travaille en tant que planificatrice en chef pour la Foire du temple du Nouvel An chinois \u00e0 Montr\u00e9al. En septembre 2018, nous avons organis\u00e9 \"Nous sommes une famille : c\u00e9l\u00e9bration de la F\u00eate de la lune\", comprenant une exposition d'art, une s\u00e9ance de d\u00e9gustation de th\u00e9 et un concert sp\u00e9cial donn\u00e9 par l'Orchestre folklorique chinois de l'\u00c9cole Confucius de Montr\u00e9al \u00e0 l'occasion de son quatri\u00e8me anniversaire, ainsi que des artistes invit\u00e9s des communaut\u00e9s chinoise et philippine.<\/p>\t\t\t\t\t\t\t\t<\/div>\n\t\t\t\t<\/div>\n\t\t\t\t<div class=\"elementor-element elementor-element-1ea4a4d elementor-shape-rounded elementor-grid-0 e-grid-align-center elementor-widget elementor-widget-social-icons\" data-id=\"1ea4a4d\" data-element_type=\"widget\" data-e-type=\"widget\" data-widget_type=\"social-icons.default\">\n\t\t\t\t<div class=\"elementor-widget-container\">\n\t\t\t\t\t\t\t<div class=\"elementor-social-icons-wrapper elementor-grid\">\n\t\t\t\t\t\t\t<span class=\"elementor-grid-item\">\n\t\t\t\t\t<a class=\"elementor-icon elementor-social-icon elementor-social-icon-youtube elementor-repeater-item-ce606ed\" href=\"https:\/\/www.youtube.com\/channel\/UC4IdZ1fjvPdNc7VhFNbyktw\/videos\" target=\"_blank\">\n\t\t\t\t\t\t<span class=\"elementor-screen-only\">Youtube<\/span>\n\t\t\t\t\t\t<i aria-hidden=\"true\" class=\"fab fa-youtube\"><\/i>\t\t\t\t\t<\/a>\n\t\t\t\t<\/span>\n\t\t\t\t\t<\/div>\n\t\t\t\t\t\t<\/div>\n\t\t\t\t<\/div>\n\t\t\t\t<div class=\"elementor-element elementor-element-727a851 elementor-widget elementor-widget-heading\" data-id=\"727a851\" data-element_type=\"widget\" data-e-type=\"widget\" data-widget_type=\"heading.default\">\n\t\t\t\t<div class=\"elementor-widget-container\">\n\t\t\t\t\t<h2 class=\"elementor-heading-title elementor-size-default\">Consultez notre cha\u00eene YouTube pour toutes les vid\u00e9os.<\/h2>\t\t\t\t<\/div>\n\t\t\t\t<\/div>\n\t\t\t\t\t<\/div>\n\t\t<\/div>\n\t\t\t\t\t<\/div>\n\t\t<\/section>\n\t\t\t\t<\/div>","protected":false},"excerpt":{"rendered":"<p>Most recent event 2024 West Island Spring Festival Gala Programs (Chinese) Programs (English) Chinese culture activities Play Play Play Play Play Previous Next We bring people together to celebrate traditional Chinese festivals, such as Spring Festival, Mid-Autumn Festival, Lantern Festival, and Dragon Boat Festival.\u00a0 Since 2009, we have organized the annual West Island Spring Festival&hellip; <br \/> <a class=\"button small blue\" href=\"https:\/\/mwestchinesecenter.ca\/fr\/festival-galas\">Lire la suite<\/a><\/p>","protected":false},"author":1,"featured_media":0,"parent":0,"menu_order":0,"comment_status":"closed","ping_status":"closed","template":"","meta":{"_coblocks_attr":"","_coblocks_dimensions":"","_coblocks_responsive_height":"","_coblocks_accordion_ie_support":"","footnotes":""},"class_list":["post-217","page","type-page","status-publish","hentry"],"_links":{"self":[{"href":"https:\/\/mwestchinesecenter.ca\/fr\/wp-json\/wp\/v2\/pages\/217","targetHints":{"allow":["GET"]}}],"collection":[{"href":"https:\/\/mwestchinesecenter.ca\/fr\/wp-json\/wp\/v2\/pages"}],"about":[{"href":"https:\/\/mwestchinesecenter.ca\/fr\/wp-json\/wp\/v2\/types\/page"}],"author":[{"embeddable":true,"href":"https:\/\/mwestchinesecenter.ca\/fr\/wp-json\/wp\/v2\/users\/1"}],"replies":[{"embeddable":true,"href":"https:\/\/mwestchinesecenter.ca\/fr\/wp-json\/wp\/v2\/comments?post=217"}],"version-history":[{"count":61,"href":"https:\/\/mwestchinesecenter.ca\/fr\/wp-json\/wp\/v2\/pages\/217\/revisions"}],"predecessor-version":[{"id":748,"href":"https:\/\/mwestchinesecenter.ca\/fr\/wp-json\/wp\/v2\/pages\/217\/revisions\/748"}],"wp:attachment":[{"href":"https:\/\/mwestchinesecenter.ca\/fr\/wp-json\/wp\/v2\/media?parent=217"}],"curies":[{"name":"wp","href":"https:\/\/api.w.org\/{rel}","templated":true}]}}