{"id":298,"date":"2022-10-18T17:14:22","date_gmt":"2022-10-18T17:14:22","guid":{"rendered":"https:\/\/mwestchinesecenter.ca\/?page_id=298"},"modified":"2022-10-18T18:35:04","modified_gmt":"2022-10-18T18:35:04","slug":"artsculture","status":"publish","type":"page","link":"https:\/\/mwestchinesecenter.ca\/fr\/artsculture","title":{"rendered":"Arts et culture"},"content":{"rendered":"<div data-elementor-type=\"wp-page\" data-elementor-id=\"298\" class=\"elementor elementor-298\" data-elementor-post-type=\"page\">\n\t\t\t\t\t\t<section class=\"elementor-section elementor-top-section elementor-element elementor-element-b0f6169 elementor-section-boxed elementor-section-height-default elementor-section-height-default\" data-id=\"b0f6169\" data-element_type=\"section\" data-e-type=\"section\">\n\t\t\t\t\t\t<div class=\"elementor-container elementor-column-gap-default\">\n\t\t\t\t\t<div class=\"elementor-column elementor-col-100 elementor-top-column elementor-element elementor-element-9ed42b2\" data-id=\"9ed42b2\" data-element_type=\"column\" data-e-type=\"column\">\n\t\t\t<div class=\"elementor-widget-wrap elementor-element-populated\">\n\t\t\t\t\t\t<div class=\"elementor-element elementor-element-f3f197b elementor-widget elementor-widget-heading\" data-id=\"f3f197b\" data-element_type=\"widget\" data-e-type=\"widget\" data-widget_type=\"heading.default\">\n\t\t\t\t<div class=\"elementor-widget-container\">\n\t\t\t\t\t<h2 class=\"elementor-heading-title elementor-size-default\">Activit\u00e9s multiculturelles<\/h2>\t\t\t\t<\/div>\n\t\t\t\t<\/div>\n\t\t\t\t<div class=\"elementor-element elementor-element-680eb20 elementor-widget elementor-widget-text-editor\" data-id=\"680eb20\" data-element_type=\"widget\" data-e-type=\"widget\" data-widget_type=\"text-editor.default\">\n\t\t\t\t<div class=\"elementor-widget-container\">\n\t\t\t\t\t\t\t\t\t<p>Non seulement nous encourageons les membres de la communaut\u00e9 chinoise \u00e0 s'impliquer dans la vie culturelle canadienne, nous pr\u00e9sentons aussi la culture chinoise \u00e0 la soci\u00e9t\u00e9 canadienne compos\u00e9e de diff\u00e9rents groupes ethniques. Nous c\u00e9l\u00e9brons des f\u00eates canadiennes comme No\u00ebl et la Saint-Valentin. Nous organisons diverses activit\u00e9s telles que la tire d'\u00e9rable, la cueillette de pommes, la cueillette de citrouilles, etc. Depuis l'ann\u00e9e 2006, nous avons commenc\u00e9 \u00e0 participer \u00e0 la Journ\u00e9e internationale de la ville de Dollard-des-Ormeaux et y donner des repr\u00e9sentations. En 2012, nous avons commenc\u00e9 \u00e0 participer \u00e0 la journ\u00e9e de Kirkland et \u00e0 montrer aux r\u00e9sidents la culture chinoise. Le 28 avril, nous avons particip\u00e9 au Festival interculturel de musique et de danse pour les jeunes organis\u00e9s par la Fondation Youth Stars et avons remport\u00e9 les prix de \u00ab Meilleur organisateur \u00bb et \u00ab Meilleurs costumes \u00bb.<\/p>\t\t\t\t\t\t\t\t<\/div>\n\t\t\t\t<\/div>\n\t\t\t\t<div class=\"elementor-element elementor-element-6f8d9b5 elementor-arrows-position-inside elementor-pagination-position-outside elementor-widget elementor-widget-image-carousel\" data-id=\"6f8d9b5\" data-element_type=\"widget\" data-e-type=\"widget\" data-settings=\"{&quot;slides_to_show&quot;:&quot;1&quot;,&quot;navigation&quot;:&quot;both&quot;,&quot;autoplay&quot;:&quot;yes&quot;,&quot;pause_on_hover&quot;:&quot;yes&quot;,&quot;pause_on_interaction&quot;:&quot;yes&quot;,&quot;autoplay_speed&quot;:5000,&quot;infinite&quot;:&quot;yes&quot;,&quot;effect&quot;:&quot;slide&quot;,&quot;speed&quot;:500}\" data-widget_type=\"image-carousel.default\">\n\t\t\t\t<div class=\"elementor-widget-container\">\n\t\t\t\t\t\t\t<div class=\"elementor-image-carousel-wrapper swiper\" role=\"region\" aria-roledescription=\"carousel\" aria-label=\"Image Carousel\" dir=\"ltr\">\n\t\t\t<div class=\"elementor-image-carousel swiper-wrapper\" aria-live=\"off\">\n\t\t\t\t\t\t\t\t<div class=\"swiper-slide\" role=\"group\" aria-roledescription=\"slide\" aria-label=\"1 of 5\"><figure class=\"swiper-slide-inner\"><img decoding=\"async\" class=\"swiper-slide-image\" src=\"https:\/\/mwestchinesecenter.ca\/wp-content\/uploads\/2022\/10\/1-2.jpg\" alt=\"1\" \/><\/figure><\/div><div class=\"swiper-slide\" role=\"group\" aria-roledescription=\"slide\" aria-label=\"2 of 5\"><figure class=\"swiper-slide-inner\"><img decoding=\"async\" class=\"swiper-slide-image\" src=\"https:\/\/mwestchinesecenter.ca\/wp-content\/uploads\/2022\/10\/2-3.jpg\" alt=\"2\" \/><\/figure><\/div><div class=\"swiper-slide\" role=\"group\" aria-roledescription=\"slide\" aria-label=\"3 of 5\"><figure class=\"swiper-slide-inner\"><img decoding=\"async\" class=\"swiper-slide-image\" src=\"https:\/\/mwestchinesecenter.ca\/wp-content\/uploads\/2022\/10\/3-2-scaled.jpg\" alt=\"3\" \/><\/figure><\/div><div class=\"swiper-slide\" role=\"group\" aria-roledescription=\"slide\" aria-label=\"4 of 5\"><figure class=\"swiper-slide-inner\"><img decoding=\"async\" class=\"swiper-slide-image\" src=\"https:\/\/mwestchinesecenter.ca\/wp-content\/uploads\/2022\/10\/4-3.jpg\" alt=\"4\" \/><\/figure><\/div><div class=\"swiper-slide\" role=\"group\" aria-roledescription=\"slide\" aria-label=\"5 of 5\"><figure class=\"swiper-slide-inner\"><img decoding=\"async\" class=\"swiper-slide-image\" src=\"https:\/\/mwestchinesecenter.ca\/wp-content\/uploads\/2022\/10\/5-3.jpg\" alt=\"5\" \/><\/figure><\/div>\t\t\t<\/div>\n\t\t\t\t\t\t\t\t\t\t\t\t<div class=\"elementor-swiper-button elementor-swiper-button-prev\" role=\"button\" tabindex=\"0\">\n\t\t\t\t\t\t<i aria-hidden=\"true\" class=\"eicon-chevron-left\"><\/i>\t\t\t\t\t<\/div>\n\t\t\t\t\t<div class=\"elementor-swiper-button elementor-swiper-button-next\" role=\"button\" tabindex=\"0\">\n\t\t\t\t\t\t<i aria-hidden=\"true\" class=\"eicon-chevron-right\"><\/i>\t\t\t\t\t<\/div>\n\t\t\t\t\n\t\t\t\t\t\t\t\t\t<div class=\"swiper-pagination\"><\/div>\n\t\t\t\t\t\t\t\t\t<\/div>\n\t\t\t\t\t\t<\/div>\n\t\t\t\t<\/div>\n\t\t\t\t\t<\/div>\n\t\t<\/div>\n\t\t\t\t\t<\/div>\n\t\t<\/section>\n\t\t\t\t<\/div>","protected":false},"excerpt":{"rendered":"<p>Multicultural activities We not only encourage our Chinese community members to get involved in Canadian culture life but also introduce Chinese culture to the larger Canadian society of different ethnic groups. We celebrate Canadian festivals like Christmas and Saint-Valentine\u2019s Day. We organize various activities such as sugaring off, apple picking, pumpkin picking, and so on.&hellip; <br \/> <a class=\"button small blue\" href=\"https:\/\/mwestchinesecenter.ca\/fr\/artsculture\">Lire la suite<\/a><\/p>","protected":false},"author":1,"featured_media":0,"parent":0,"menu_order":0,"comment_status":"closed","ping_status":"closed","template":"","meta":{"_coblocks_attr":"","_coblocks_dimensions":"","_coblocks_responsive_height":"","_coblocks_accordion_ie_support":"","footnotes":""},"class_list":["post-298","page","type-page","status-publish","hentry"],"_links":{"self":[{"href":"https:\/\/mwestchinesecenter.ca\/fr\/wp-json\/wp\/v2\/pages\/298","targetHints":{"allow":["GET"]}}],"collection":[{"href":"https:\/\/mwestchinesecenter.ca\/fr\/wp-json\/wp\/v2\/pages"}],"about":[{"href":"https:\/\/mwestchinesecenter.ca\/fr\/wp-json\/wp\/v2\/types\/page"}],"author":[{"embeddable":true,"href":"https:\/\/mwestchinesecenter.ca\/fr\/wp-json\/wp\/v2\/users\/1"}],"replies":[{"embeddable":true,"href":"https:\/\/mwestchinesecenter.ca\/fr\/wp-json\/wp\/v2\/comments?post=298"}],"version-history":[{"count":7,"href":"https:\/\/mwestchinesecenter.ca\/fr\/wp-json\/wp\/v2\/pages\/298\/revisions"}],"predecessor-version":[{"id":351,"href":"https:\/\/mwestchinesecenter.ca\/fr\/wp-json\/wp\/v2\/pages\/298\/revisions\/351"}],"wp:attachment":[{"href":"https:\/\/mwestchinesecenter.ca\/fr\/wp-json\/wp\/v2\/media?parent=298"}],"curies":[{"name":"wp","href":"https:\/\/api.w.org\/{rel}","templated":true}]}}